{"id":708,"date":"2022-10-27T22:08:40","date_gmt":"2022-10-27T20:08:40","guid":{"rendered":"http:\/\/lacartebuissonniere.fr\/?page_id=708"},"modified":"2023-06-17T17:20:01","modified_gmt":"2023-06-17T15:20:01","slug":"bienvenue","status":"publish","type":"page","link":"https:\/\/lacartebuissonniere.fr\/","title":{"rendered":"Bienvenue !"},"content":{"rendered":"\n<p class=\"has-medium-font-size\">Pour un anniversaire, un faire-part de mariage ou de naissance, pour des v\u0153ux, des remerciements, des f\u00e9licitations, des mots d\u2019amour ou des mots doux\u2026<br>Pour le plaisir d\u2019offrir un cadeau personnalis\u00e9, une petite \u0153uvre d\u00e9corative originale\u2026<\/p>\n\n\n\n<p><\/p>\n\n\n\n<figure class=\"wp-block-gallery has-nested-images columns-default is-cropped wp-block-gallery-1 is-layout-flex wp-block-gallery-is-layout-flex\">\n<figure class=\"wp-block-image size-large\"><img loading=\"lazy\" decoding=\"async\" width=\"1024\" height=\"768\" data-id=\"3479\" src=\"https:\/\/lacartebuissonniere.fr\/wp-content\/uploads\/2023\/06\/IMG_7094-1024x768.jpeg\" alt=\"\" class=\"wp-image-3479\" srcset=\"https:\/\/lacartebuissonniere.fr\/wp-content\/uploads\/2023\/06\/IMG_7094-1024x768.jpeg 1024w, https:\/\/lacartebuissonniere.fr\/wp-content\/uploads\/2023\/06\/IMG_7094-300x225.jpeg 300w, https:\/\/lacartebuissonniere.fr\/wp-content\/uploads\/2023\/06\/IMG_7094-768x576.jpeg 768w, https:\/\/lacartebuissonniere.fr\/wp-content\/uploads\/2023\/06\/IMG_7094-1536x1152.jpeg 1536w, https:\/\/lacartebuissonniere.fr\/wp-content\/uploads\/2023\/06\/IMG_7094-2048x1536.jpeg 2048w, https:\/\/lacartebuissonniere.fr\/wp-content\/uploads\/2023\/06\/IMG_7094-600x450.jpeg 600w\" sizes=\"auto, (max-width: 1024px) 100vw, 1024px\" \/><\/figure>\n\n\n\n<figure class=\"wp-block-image size-large\"><img loading=\"lazy\" decoding=\"async\" width=\"1024\" height=\"760\" data-id=\"3478\" src=\"https:\/\/lacartebuissonniere.fr\/wp-content\/uploads\/2023\/06\/IMG_7096-1024x760.jpeg\" alt=\"\" class=\"wp-image-3478\" srcset=\"https:\/\/lacartebuissonniere.fr\/wp-content\/uploads\/2023\/06\/IMG_7096-1024x760.jpeg 1024w, https:\/\/lacartebuissonniere.fr\/wp-content\/uploads\/2023\/06\/IMG_7096-300x223.jpeg 300w, https:\/\/lacartebuissonniere.fr\/wp-content\/uploads\/2023\/06\/IMG_7096-768x570.jpeg 768w, https:\/\/lacartebuissonniere.fr\/wp-content\/uploads\/2023\/06\/IMG_7096-1536x1140.jpeg 1536w, https:\/\/lacartebuissonniere.fr\/wp-content\/uploads\/2023\/06\/IMG_7096-2048x1520.jpeg 2048w, https:\/\/lacartebuissonniere.fr\/wp-content\/uploads\/2023\/06\/IMG_7096-600x445.jpeg 600w\" sizes=\"auto, (max-width: 1024px) 100vw, 1024px\" \/><\/figure>\n<\/figure>\n\n\n\n<p><\/p>\n\n\n\n<p class=\"has-medium-font-size\">Choisissez mes cartes buissonni\u00e8res, des cartes uniques&#8230; pour des personnes uniques ! <\/p>\n\n\n\n<p class=\"has-medium-font-size\">Je les confectionne avec soin et amour dans mon atelier parisien. <br>En les achetant, vous privil\u00e9giez le fait-main et le \u00ab&nbsp;made in France&nbsp;\u00bb<\/p>\n\n\n\n<p class=\"has-medium-font-size\">Alors n&rsquo;h\u00e9sitez plus et <a rel=\"noreferrer noopener\" href=\"https:\/\/lacartebuissonniere.fr\/index.php\/me-contacter\/\" target=\"_blank\">contactez-moi pour cr\u00e9er votre carte id\u00e9ale<\/a>&nbsp;!<\/p>\n","protected":false},"excerpt":{"rendered":"<p>Pour un anniversaire, un faire-part de mariage ou de naissance, pour des v\u0153ux, des remerciements, des f\u00e9licitations, des mots d\u2019amour ou des mots doux\u2026Pour le plaisir d\u2019offrir un cadeau personnalis\u00e9, une petite \u0153uvre d\u00e9corative originale\u2026 Choisissez mes cartes buissonni\u00e8res, des cartes uniques&#8230; pour des personnes uniques ! Je les confectionne avec soin et amour dans [&hellip;]<\/p>\n","protected":false},"author":2,"featured_media":0,"parent":0,"menu_order":0,"comment_status":"closed","ping_status":"closed","template":"","meta":{"two_page_speed":[],"footnotes":""},"class_list":["post-708","page","type-page","status-publish","hentry","entry"],"yoast_head":"<!-- This site is optimized with the Yoast SEO plugin v25.4 - https:\/\/yoast.com\/wordpress\/plugins\/seo\/ -->\n<title>Bienvenue ! - La carte buissonni\u00e8re<\/title>\n<meta name=\"robots\" content=\"index, follow, max-snippet:-1, max-image-preview:large, max-video-preview:-1\" \/>\n<link rel=\"canonical\" href=\"https:\/\/lacartebuissonniere.fr\/\" \/>\n<meta property=\"og:locale\" content=\"fr_FR\" \/>\n<meta property=\"og:type\" content=\"article\" \/>\n<meta property=\"og:title\" content=\"Bienvenue ! - La carte buissonni\u00e8re\" \/>\n<meta property=\"og:description\" content=\"Pour un anniversaire, un faire-part de mariage ou de naissance, pour des v\u0153ux, des remerciements, des f\u00e9licitations, des mots d\u2019amour ou des mots doux\u2026Pour le plaisir d\u2019offrir un cadeau personnalis\u00e9, une petite \u0153uvre d\u00e9corative originale\u2026 Choisissez mes cartes buissonni\u00e8res, des cartes uniques&#8230; pour des personnes uniques ! Je les confectionne avec soin et amour dans [&hellip;]\" \/>\n<meta property=\"og:url\" content=\"https:\/\/lacartebuissonniere.fr\/\" \/>\n<meta property=\"og:site_name\" content=\"La carte buissonni\u00e8re\" \/>\n<meta property=\"article:publisher\" content=\"https:\/\/www.facebook.com\/lacartebuissonniere\/\" \/>\n<meta property=\"article:modified_time\" content=\"2023-06-17T15:20:01+00:00\" \/>\n<meta property=\"og:image\" content=\"https:\/\/lacartebuissonniere.fr\/wp-content\/uploads\/2023\/06\/IMG_7094-1024x768.jpeg\" \/>\n<meta name=\"twitter:card\" content=\"summary_large_image\" \/>\n<meta name=\"twitter:label1\" content=\"Dur\u00e9e de lecture estim\u00e9e\" \/>\n\t<meta name=\"twitter:data1\" content=\"1 minute\" \/>\n<script type=\"application\/ld+json\" class=\"yoast-schema-graph\">{\"@context\":\"https:\/\/schema.org\",\"@graph\":[{\"@type\":\"WebPage\",\"@id\":\"https:\/\/lacartebuissonniere.fr\/\",\"url\":\"https:\/\/lacartebuissonniere.fr\/\",\"name\":\"Bienvenue ! - La carte buissonni\u00e8re\",\"isPartOf\":{\"@id\":\"https:\/\/lacartebuissonniere.fr\/#website\"},\"primaryImageOfPage\":{\"@id\":\"https:\/\/lacartebuissonniere.fr\/#primaryimage\"},\"image\":{\"@id\":\"https:\/\/lacartebuissonniere.fr\/#primaryimage\"},\"thumbnailUrl\":\"https:\/\/lacartebuissonniere.fr\/wp-content\/uploads\/2023\/06\/IMG_7094-1024x768.jpeg\",\"datePublished\":\"2022-10-27T20:08:40+00:00\",\"dateModified\":\"2023-06-17T15:20:01+00:00\",\"breadcrumb\":{\"@id\":\"https:\/\/lacartebuissonniere.fr\/#breadcrumb\"},\"inLanguage\":\"fr-FR\",\"potentialAction\":[{\"@type\":\"ReadAction\",\"target\":[\"https:\/\/lacartebuissonniere.fr\/\"]}]},{\"@type\":\"ImageObject\",\"inLanguage\":\"fr-FR\",\"@id\":\"https:\/\/lacartebuissonniere.fr\/#primaryimage\",\"url\":\"https:\/\/lacartebuissonniere.fr\/wp-content\/uploads\/2023\/06\/IMG_7094-1024x768.jpeg\",\"contentUrl\":\"https:\/\/lacartebuissonniere.fr\/wp-content\/uploads\/2023\/06\/IMG_7094-1024x768.jpeg\"},{\"@type\":\"BreadcrumbList\",\"@id\":\"https:\/\/lacartebuissonniere.fr\/#breadcrumb\",\"itemListElement\":[{\"@type\":\"ListItem\",\"position\":1,\"name\":\"Accueil\",\"item\":\"https:\/\/lacartebuissonniere.fr\/\"},{\"@type\":\"ListItem\",\"position\":2,\"name\":\"Bienvenue !\"}]},{\"@type\":\"WebSite\",\"@id\":\"https:\/\/lacartebuissonniere.fr\/#website\",\"url\":\"https:\/\/lacartebuissonniere.fr\/\",\"name\":\"La carte buissonni\u00e8re\",\"description\":\"\",\"publisher\":{\"@id\":\"https:\/\/lacartebuissonniere.fr\/#organization\"},\"potentialAction\":[{\"@type\":\"SearchAction\",\"target\":{\"@type\":\"EntryPoint\",\"urlTemplate\":\"https:\/\/lacartebuissonniere.fr\/?s={search_term_string}\"},\"query-input\":{\"@type\":\"PropertyValueSpecification\",\"valueRequired\":true,\"valueName\":\"search_term_string\"}}],\"inLanguage\":\"fr-FR\"},{\"@type\":\"Organization\",\"@id\":\"https:\/\/lacartebuissonniere.fr\/#organization\",\"name\":\"La carte buissonni\u00e8re\",\"url\":\"https:\/\/lacartebuissonniere.fr\/\",\"logo\":{\"@type\":\"ImageObject\",\"inLanguage\":\"fr-FR\",\"@id\":\"https:\/\/lacartebuissonniere.fr\/#\/schema\/logo\/image\/\",\"url\":\"https:\/\/lacartebuissonniere.fr\/wp-content\/uploads\/2022\/12\/Illustration-sans-titre.jpg\",\"contentUrl\":\"https:\/\/lacartebuissonniere.fr\/wp-content\/uploads\/2022\/12\/Illustration-sans-titre.jpg\",\"width\":637,\"height\":680,\"caption\":\"La carte buissonni\u00e8re\"},\"image\":{\"@id\":\"https:\/\/lacartebuissonniere.fr\/#\/schema\/logo\/image\/\"},\"sameAs\":[\"https:\/\/www.facebook.com\/lacartebuissonniere\/\",\"https:\/\/www.pinterest.fr\/DelphChabanne\/\"]}]}<\/script>\n<!-- \/ Yoast SEO plugin. -->","yoast_head_json":{"title":"Bienvenue ! - La carte buissonni\u00e8re","robots":{"index":"index","follow":"follow","max-snippet":"max-snippet:-1","max-image-preview":"max-image-preview:large","max-video-preview":"max-video-preview:-1"},"canonical":"https:\/\/lacartebuissonniere.fr\/","og_locale":"fr_FR","og_type":"article","og_title":"Bienvenue ! - La carte buissonni\u00e8re","og_description":"Pour un anniversaire, un faire-part de mariage ou de naissance, pour des v\u0153ux, des remerciements, des f\u00e9licitations, des mots d\u2019amour ou des mots doux\u2026Pour le plaisir d\u2019offrir un cadeau personnalis\u00e9, une petite \u0153uvre d\u00e9corative originale\u2026 Choisissez mes cartes buissonni\u00e8res, des cartes uniques&#8230; pour des personnes uniques ! Je les confectionne avec soin et amour dans [&hellip;]","og_url":"https:\/\/lacartebuissonniere.fr\/","og_site_name":"La carte buissonni\u00e8re","article_publisher":"https:\/\/www.facebook.com\/lacartebuissonniere\/","article_modified_time":"2023-06-17T15:20:01+00:00","og_image":[{"url":"https:\/\/lacartebuissonniere.fr\/wp-content\/uploads\/2023\/06\/IMG_7094-1024x768.jpeg","type":"","width":"","height":""}],"twitter_card":"summary_large_image","twitter_misc":{"Dur\u00e9e de lecture estim\u00e9e":"1 minute"},"schema":{"@context":"https:\/\/schema.org","@graph":[{"@type":"WebPage","@id":"https:\/\/lacartebuissonniere.fr\/","url":"https:\/\/lacartebuissonniere.fr\/","name":"Bienvenue ! - La carte buissonni\u00e8re","isPartOf":{"@id":"https:\/\/lacartebuissonniere.fr\/#website"},"primaryImageOfPage":{"@id":"https:\/\/lacartebuissonniere.fr\/#primaryimage"},"image":{"@id":"https:\/\/lacartebuissonniere.fr\/#primaryimage"},"thumbnailUrl":"https:\/\/lacartebuissonniere.fr\/wp-content\/uploads\/2023\/06\/IMG_7094-1024x768.jpeg","datePublished":"2022-10-27T20:08:40+00:00","dateModified":"2023-06-17T15:20:01+00:00","breadcrumb":{"@id":"https:\/\/lacartebuissonniere.fr\/#breadcrumb"},"inLanguage":"fr-FR","potentialAction":[{"@type":"ReadAction","target":["https:\/\/lacartebuissonniere.fr\/"]}]},{"@type":"ImageObject","inLanguage":"fr-FR","@id":"https:\/\/lacartebuissonniere.fr\/#primaryimage","url":"https:\/\/lacartebuissonniere.fr\/wp-content\/uploads\/2023\/06\/IMG_7094-1024x768.jpeg","contentUrl":"https:\/\/lacartebuissonniere.fr\/wp-content\/uploads\/2023\/06\/IMG_7094-1024x768.jpeg"},{"@type":"BreadcrumbList","@id":"https:\/\/lacartebuissonniere.fr\/#breadcrumb","itemListElement":[{"@type":"ListItem","position":1,"name":"Accueil","item":"https:\/\/lacartebuissonniere.fr\/"},{"@type":"ListItem","position":2,"name":"Bienvenue !"}]},{"@type":"WebSite","@id":"https:\/\/lacartebuissonniere.fr\/#website","url":"https:\/\/lacartebuissonniere.fr\/","name":"La carte buissonni\u00e8re","description":"","publisher":{"@id":"https:\/\/lacartebuissonniere.fr\/#organization"},"potentialAction":[{"@type":"SearchAction","target":{"@type":"EntryPoint","urlTemplate":"https:\/\/lacartebuissonniere.fr\/?s={search_term_string}"},"query-input":{"@type":"PropertyValueSpecification","valueRequired":true,"valueName":"search_term_string"}}],"inLanguage":"fr-FR"},{"@type":"Organization","@id":"https:\/\/lacartebuissonniere.fr\/#organization","name":"La carte buissonni\u00e8re","url":"https:\/\/lacartebuissonniere.fr\/","logo":{"@type":"ImageObject","inLanguage":"fr-FR","@id":"https:\/\/lacartebuissonniere.fr\/#\/schema\/logo\/image\/","url":"https:\/\/lacartebuissonniere.fr\/wp-content\/uploads\/2022\/12\/Illustration-sans-titre.jpg","contentUrl":"https:\/\/lacartebuissonniere.fr\/wp-content\/uploads\/2022\/12\/Illustration-sans-titre.jpg","width":637,"height":680,"caption":"La carte buissonni\u00e8re"},"image":{"@id":"https:\/\/lacartebuissonniere.fr\/#\/schema\/logo\/image\/"},"sameAs":["https:\/\/www.facebook.com\/lacartebuissonniere\/","https:\/\/www.pinterest.fr\/DelphChabanne\/"]}]}},"_links":{"self":[{"href":"https:\/\/lacartebuissonniere.fr\/index.php\/wp-json\/wp\/v2\/pages\/708","targetHints":{"allow":["GET"]}}],"collection":[{"href":"https:\/\/lacartebuissonniere.fr\/index.php\/wp-json\/wp\/v2\/pages"}],"about":[{"href":"https:\/\/lacartebuissonniere.fr\/index.php\/wp-json\/wp\/v2\/types\/page"}],"author":[{"embeddable":true,"href":"https:\/\/lacartebuissonniere.fr\/index.php\/wp-json\/wp\/v2\/users\/2"}],"replies":[{"embeddable":true,"href":"https:\/\/lacartebuissonniere.fr\/index.php\/wp-json\/wp\/v2\/comments?post=708"}],"version-history":[{"count":10,"href":"https:\/\/lacartebuissonniere.fr\/index.php\/wp-json\/wp\/v2\/pages\/708\/revisions"}],"predecessor-version":[{"id":3480,"href":"https:\/\/lacartebuissonniere.fr\/index.php\/wp-json\/wp\/v2\/pages\/708\/revisions\/3480"}],"wp:attachment":[{"href":"https:\/\/lacartebuissonniere.fr\/index.php\/wp-json\/wp\/v2\/media?parent=708"}],"curies":[{"name":"wp","href":"https:\/\/api.w.org\/{rel}","templated":true}]}}