{"id":772,"date":"2022-10-28T09:22:08","date_gmt":"2022-10-28T07:22:08","guid":{"rendered":"http:\/\/lacartebuissonniere.fr\/?page_id=772"},"modified":"2025-05-26T14:48:49","modified_gmt":"2025-05-26T12:48:49","slug":"ambiances","status":"publish","type":"page","link":"https:\/\/lacartebuissonniere.fr\/index.php\/ambiances\/","title":{"rendered":"Ambiances"},"content":{"rendered":"\n<p class=\"has-medium-font-size\">J&rsquo;utilise une large gamme de papiers, ce qui cr\u00e9e des univers tr\u00e8s vari\u00e9s :<\/p>\n\n\n\n<ul class=\"wp-block-list has-medium-font-size\">\n<li><a href=\"#Ancre-Japon\">Ambiance japonaise<\/a><\/li>\n\n\n\n<li><a href=\"#Ancre-Venise\">Ambiance v\u00e9nitienne<\/a><\/li>\n\n\n\n<li><a href=\"#Ancre-Liberty\">Ambiance Liberty<\/a><\/li>\n\n\n\n<li><a href=\"#Ancre-graph\">Ambiance graphique<\/a><\/li>\n\n\n\n<li><a href=\"#Ancre-litt\">Ambiance litt\u00e9raire<\/a><\/li>\n\n\n\n<li><a href=\"#Ancre-musicale\">Ambiance musicale<\/a><\/li>\n\n\n\n<li><a href=\"#Ancre-fleur\">Ambiance fleurie<\/a><\/li>\n\n\n\n<li><a href=\"#Ancre-fruit\">Ambiance fruit\u00e9e<\/a><\/li>\n\n\n\n<li><a href=\"#Ancre-Orient\">Ambiance orientale<\/a><\/li>\n\n\n\n<li><a href=\"#Ancre-mer\">Ambiance marine<\/a><\/li>\n\n\n\n<li><a href=\"#Ancre-automne\">Ambiance d&rsquo;automne<\/a><\/li>\n\n\n\n<li><a href=\"#Ancre-Noel\">Ambiance de No\u00ebl<\/a><\/li>\n\n\n\n<li><a href=\"#Ancre-Egypte\">Ambiance \u00e9gyptienne<\/a><\/li>\n\n\n\n<li><a href=\"#Ancre-Breton\">Ambiance bretonne<\/a><\/li>\n<\/ul>\n\n\n\n<p><\/p>\n\n\n\n<h2 class=\"wp-block-heading\" id=\"Ancre-Japon\" style=\"font-size:24px\">Ambiance japonaise<\/h2>\n\n\n\n<figure class=\"wp-block-image size-full\"><img loading=\"lazy\" decoding=\"async\" width=\"2560\" height=\"1877\" src=\"https:\/\/lacartebuissonniere.fr\/wp-content\/uploads\/2025\/05\/800007B6-8E90-4988-8E06-F680C01D371E_1_201_a-scaled.jpg\" alt=\"\" class=\"wp-image-7843\" srcset=\"https:\/\/lacartebuissonniere.fr\/wp-content\/uploads\/2025\/05\/800007B6-8E90-4988-8E06-F680C01D371E_1_201_a-scaled.jpg 2560w, https:\/\/lacartebuissonniere.fr\/wp-content\/uploads\/2025\/05\/800007B6-8E90-4988-8E06-F680C01D371E_1_201_a-300x220.jpg 300w, https:\/\/lacartebuissonniere.fr\/wp-content\/uploads\/2025\/05\/800007B6-8E90-4988-8E06-F680C01D371E_1_201_a-1024x751.jpg 1024w, https:\/\/lacartebuissonniere.fr\/wp-content\/uploads\/2025\/05\/800007B6-8E90-4988-8E06-F680C01D371E_1_201_a-768x563.jpg 768w, https:\/\/lacartebuissonniere.fr\/wp-content\/uploads\/2025\/05\/800007B6-8E90-4988-8E06-F680C01D371E_1_201_a-1536x1126.jpg 1536w, https:\/\/lacartebuissonniere.fr\/wp-content\/uploads\/2025\/05\/800007B6-8E90-4988-8E06-F680C01D371E_1_201_a-2048x1502.jpg 2048w, https:\/\/lacartebuissonniere.fr\/wp-content\/uploads\/2025\/05\/800007B6-8E90-4988-8E06-F680C01D371E_1_201_a-600x440.jpg 600w\" sizes=\"auto, (max-width: 2560px) 100vw, 2560px\" \/><\/figure>\n\n\n\n<p><\/p>\n\n\n\n<h2 class=\"wp-block-heading\" id=\"Ancre-Venise\" style=\"font-size:24px\">Ambiance v\u00e9nitienne<\/h2>\n\n\n\n<figure class=\"wp-block-image size-full\"><img loading=\"lazy\" decoding=\"async\" width=\"1024\" height=\"768\" src=\"https:\/\/lacartebuissonniere.fr\/wp-content\/uploads\/2022\/10\/CF0B8A48-4FB5-4057-BF82-4845922D6EED_1_105_c.jpeg\" alt=\"\" class=\"wp-image-778\" srcset=\"https:\/\/lacartebuissonniere.fr\/wp-content\/uploads\/2022\/10\/CF0B8A48-4FB5-4057-BF82-4845922D6EED_1_105_c.jpeg 1024w, https:\/\/lacartebuissonniere.fr\/wp-content\/uploads\/2022\/10\/CF0B8A48-4FB5-4057-BF82-4845922D6EED_1_105_c-300x225.jpeg 300w, https:\/\/lacartebuissonniere.fr\/wp-content\/uploads\/2022\/10\/CF0B8A48-4FB5-4057-BF82-4845922D6EED_1_105_c-768x576.jpeg 768w\" sizes=\"auto, (max-width: 1024px) 100vw, 1024px\" \/><\/figure>\n\n\n\n<p><\/p>\n\n\n\n<h2 class=\"wp-block-heading\" id=\"Ancre-Liberty\" style=\"font-size:24px\">Ambiance Liberty<\/h2>\n\n\n\n<figure class=\"wp-block-image size-large\"><img loading=\"lazy\" decoding=\"async\" width=\"1024\" height=\"704\" src=\"https:\/\/lacartebuissonniere.fr\/wp-content\/uploads\/2022\/10\/524E0775-4C5F-408C-BAEA-74B1C7C2F2B4_1_105_c-1-1024x704.jpeg\" alt=\"\" class=\"wp-image-784\" srcset=\"https:\/\/lacartebuissonniere.fr\/wp-content\/uploads\/2022\/10\/524E0775-4C5F-408C-BAEA-74B1C7C2F2B4_1_105_c-1-1024x704.jpeg 1024w, https:\/\/lacartebuissonniere.fr\/wp-content\/uploads\/2022\/10\/524E0775-4C5F-408C-BAEA-74B1C7C2F2B4_1_105_c-1-300x206.jpeg 300w, https:\/\/lacartebuissonniere.fr\/wp-content\/uploads\/2022\/10\/524E0775-4C5F-408C-BAEA-74B1C7C2F2B4_1_105_c-1-768x528.jpeg 768w, https:\/\/lacartebuissonniere.fr\/wp-content\/uploads\/2022\/10\/524E0775-4C5F-408C-BAEA-74B1C7C2F2B4_1_105_c-1.jpeg 1069w\" sizes=\"auto, (max-width: 1024px) 100vw, 1024px\" \/><\/figure>\n\n\n\n<p><\/p>\n\n\n\n<h2 class=\"wp-block-heading\" id=\"Ancre-graph\" style=\"font-size:24px\">Ambiance graphique<\/h2>\n\n\n\n<figure class=\"wp-block-image size-large\"><img loading=\"lazy\" decoding=\"async\" width=\"1024\" height=\"775\" src=\"https:\/\/lacartebuissonniere.fr\/wp-content\/uploads\/2022\/10\/IMG_1472-1024x775.jpg\" alt=\"\" class=\"wp-image-796\" srcset=\"https:\/\/lacartebuissonniere.fr\/wp-content\/uploads\/2022\/10\/IMG_1472-1024x775.jpg 1024w, https:\/\/lacartebuissonniere.fr\/wp-content\/uploads\/2022\/10\/IMG_1472-300x227.jpg 300w, https:\/\/lacartebuissonniere.fr\/wp-content\/uploads\/2022\/10\/IMG_1472-768x582.jpg 768w, https:\/\/lacartebuissonniere.fr\/wp-content\/uploads\/2022\/10\/IMG_1472-1536x1163.jpg 1536w, https:\/\/lacartebuissonniere.fr\/wp-content\/uploads\/2022\/10\/IMG_1472-2048x1551.jpg 2048w\" sizes=\"auto, (max-width: 1024px) 100vw, 1024px\" \/><\/figure>\n\n\n\n<p><\/p>\n\n\n\n<h2 class=\"wp-block-heading\" id=\"Ancre-litt\" style=\"font-size:24px\">Ambiance litt\u00e9raire<\/h2>\n\n\n\n<figure class=\"wp-block-image size-large\"><img loading=\"lazy\" decoding=\"async\" width=\"1024\" height=\"750\" src=\"https:\/\/lacartebuissonniere.fr\/wp-content\/uploads\/2022\/11\/EB87CD1A-79C9-41EC-A8EC-703DE89CE584_1_105_c-1024x750.jpeg\" alt=\"\" class=\"wp-image-1083\" srcset=\"https:\/\/lacartebuissonniere.fr\/wp-content\/uploads\/2022\/11\/EB87CD1A-79C9-41EC-A8EC-703DE89CE584_1_105_c-1024x750.jpeg 1024w, https:\/\/lacartebuissonniere.fr\/wp-content\/uploads\/2022\/11\/EB87CD1A-79C9-41EC-A8EC-703DE89CE584_1_105_c-300x220.jpeg 300w, https:\/\/lacartebuissonniere.fr\/wp-content\/uploads\/2022\/11\/EB87CD1A-79C9-41EC-A8EC-703DE89CE584_1_105_c-768x563.jpeg 768w, https:\/\/lacartebuissonniere.fr\/wp-content\/uploads\/2022\/11\/EB87CD1A-79C9-41EC-A8EC-703DE89CE584_1_105_c.jpeg 1036w\" sizes=\"auto, (max-width: 1024px) 100vw, 1024px\" \/><\/figure>\n\n\n\n<p><\/p>\n\n\n\n<h2 class=\"wp-block-heading\" id=\"Ancre-musicale\" style=\"font-size:24px\">Ambiance musicale<\/h2>\n\n\n\n<figure class=\"wp-block-image size-full\"><img loading=\"lazy\" decoding=\"async\" width=\"1024\" height=\"768\" src=\"https:\/\/lacartebuissonniere.fr\/wp-content\/uploads\/2022\/10\/57A8095E-3883-4FCC-9DCA-B2DB4BA172D5_1_105_c.jpeg\" alt=\"\" class=\"wp-image-802\" srcset=\"https:\/\/lacartebuissonniere.fr\/wp-content\/uploads\/2022\/10\/57A8095E-3883-4FCC-9DCA-B2DB4BA172D5_1_105_c.jpeg 1024w, https:\/\/lacartebuissonniere.fr\/wp-content\/uploads\/2022\/10\/57A8095E-3883-4FCC-9DCA-B2DB4BA172D5_1_105_c-300x225.jpeg 300w, https:\/\/lacartebuissonniere.fr\/wp-content\/uploads\/2022\/10\/57A8095E-3883-4FCC-9DCA-B2DB4BA172D5_1_105_c-768x576.jpeg 768w\" sizes=\"auto, (max-width: 1024px) 100vw, 1024px\" \/><\/figure>\n\n\n\n<p><\/p>\n\n\n\n<h2 class=\"wp-block-heading\" id=\"Ancre-fleur\" style=\"font-size:24px\">Ambiance fleurie<\/h2>\n\n\n\n<figure class=\"wp-block-image size-large\"><img loading=\"lazy\" decoding=\"async\" width=\"1024\" height=\"760\" src=\"https:\/\/lacartebuissonniere.fr\/wp-content\/uploads\/2022\/10\/IMG_1593-1024x760.jpeg\" alt=\"\" class=\"wp-image-809\" srcset=\"https:\/\/lacartebuissonniere.fr\/wp-content\/uploads\/2022\/10\/IMG_1593-1024x760.jpeg 1024w, https:\/\/lacartebuissonniere.fr\/wp-content\/uploads\/2022\/10\/IMG_1593-300x223.jpeg 300w, https:\/\/lacartebuissonniere.fr\/wp-content\/uploads\/2022\/10\/IMG_1593-768x570.jpeg 768w, https:\/\/lacartebuissonniere.fr\/wp-content\/uploads\/2022\/10\/IMG_1593-1536x1140.jpeg 1536w, https:\/\/lacartebuissonniere.fr\/wp-content\/uploads\/2022\/10\/IMG_1593-2048x1520.jpeg 2048w\" sizes=\"auto, (max-width: 1024px) 100vw, 1024px\" \/><\/figure>\n\n\n\n<p><\/p>\n\n\n\n<h2 class=\"wp-block-heading\" id=\"Ancre-fruit\" style=\"font-size:24px\">Ambiance fruit\u00e9e<\/h2>\n\n\n\n<figure class=\"wp-block-image size-large\"><img loading=\"lazy\" decoding=\"async\" width=\"1024\" height=\"768\" src=\"https:\/\/lacartebuissonniere.fr\/wp-content\/uploads\/2022\/11\/IMG_1473-1024x768.jpeg\" alt=\"\" class=\"wp-image-1087\" srcset=\"https:\/\/lacartebuissonniere.fr\/wp-content\/uploads\/2022\/11\/IMG_1473-1024x768.jpeg 1024w, https:\/\/lacartebuissonniere.fr\/wp-content\/uploads\/2022\/11\/IMG_1473-300x225.jpeg 300w, https:\/\/lacartebuissonniere.fr\/wp-content\/uploads\/2022\/11\/IMG_1473-768x576.jpeg 768w, https:\/\/lacartebuissonniere.fr\/wp-content\/uploads\/2022\/11\/IMG_1473-1536x1152.jpeg 1536w, https:\/\/lacartebuissonniere.fr\/wp-content\/uploads\/2022\/11\/IMG_1473-2048x1536.jpeg 2048w\" sizes=\"auto, (max-width: 1024px) 100vw, 1024px\" \/><\/figure>\n\n\n\n<p><\/p>\n\n\n\n<h2 class=\"wp-block-heading\" id=\"Ancre-Orient\" style=\"font-size:24px\">Ambiance orientale<\/h2>\n\n\n\n<figure class=\"wp-block-image size-full\"><img loading=\"lazy\" decoding=\"async\" width=\"1024\" height=\"768\" src=\"https:\/\/lacartebuissonniere.fr\/wp-content\/uploads\/2022\/10\/FACCD6D1-8AEE-48AD-8B3F-420E3AEADB11_1_105_c-2.jpeg\" alt=\"\" class=\"wp-image-820\" srcset=\"https:\/\/lacartebuissonniere.fr\/wp-content\/uploads\/2022\/10\/FACCD6D1-8AEE-48AD-8B3F-420E3AEADB11_1_105_c-2.jpeg 1024w, https:\/\/lacartebuissonniere.fr\/wp-content\/uploads\/2022\/10\/FACCD6D1-8AEE-48AD-8B3F-420E3AEADB11_1_105_c-2-300x225.jpeg 300w, https:\/\/lacartebuissonniere.fr\/wp-content\/uploads\/2022\/10\/FACCD6D1-8AEE-48AD-8B3F-420E3AEADB11_1_105_c-2-768x576.jpeg 768w\" sizes=\"auto, (max-width: 1024px) 100vw, 1024px\" \/><\/figure>\n\n\n\n<p><\/p>\n\n\n\n<h2 class=\"wp-block-heading\" id=\"Ancre-mer\" style=\"font-size:24px\">Ambiance marine<\/h2>\n\n\n\n<figure class=\"wp-block-image size-full\"><img loading=\"lazy\" decoding=\"async\" width=\"1024\" height=\"768\" src=\"https:\/\/lacartebuissonniere.fr\/wp-content\/uploads\/2022\/10\/0A016FB3-2DF2-4FE6-ADF9-A293C43231D8_1_105_c.jpeg\" alt=\"\" class=\"wp-image-823\" srcset=\"https:\/\/lacartebuissonniere.fr\/wp-content\/uploads\/2022\/10\/0A016FB3-2DF2-4FE6-ADF9-A293C43231D8_1_105_c.jpeg 1024w, https:\/\/lacartebuissonniere.fr\/wp-content\/uploads\/2022\/10\/0A016FB3-2DF2-4FE6-ADF9-A293C43231D8_1_105_c-300x225.jpeg 300w, https:\/\/lacartebuissonniere.fr\/wp-content\/uploads\/2022\/10\/0A016FB3-2DF2-4FE6-ADF9-A293C43231D8_1_105_c-768x576.jpeg 768w\" sizes=\"auto, (max-width: 1024px) 100vw, 1024px\" \/><\/figure>\n\n\n\n<p><\/p>\n\n\n\n<h2 class=\"wp-block-heading\" id=\"Ancre-automne\" style=\"font-size:24px\">Ambiance d&rsquo;automne<\/h2>\n\n\n\n<figure class=\"wp-block-image size-full\"><img loading=\"lazy\" decoding=\"async\" width=\"1024\" height=\"768\" src=\"https:\/\/lacartebuissonniere.fr\/wp-content\/uploads\/2022\/10\/E2C398AE-0C52-4807-B392-22CF3E1FF9BA_1_105_c.jpeg\" alt=\"\" class=\"wp-image-828\" srcset=\"https:\/\/lacartebuissonniere.fr\/wp-content\/uploads\/2022\/10\/E2C398AE-0C52-4807-B392-22CF3E1FF9BA_1_105_c.jpeg 1024w, https:\/\/lacartebuissonniere.fr\/wp-content\/uploads\/2022\/10\/E2C398AE-0C52-4807-B392-22CF3E1FF9BA_1_105_c-300x225.jpeg 300w, https:\/\/lacartebuissonniere.fr\/wp-content\/uploads\/2022\/10\/E2C398AE-0C52-4807-B392-22CF3E1FF9BA_1_105_c-768x576.jpeg 768w\" sizes=\"auto, (max-width: 1024px) 100vw, 1024px\" \/><\/figure>\n\n\n\n<p><\/p>\n\n\n\n<h2 class=\"wp-block-heading\" id=\"Ancre-Noel\" style=\"font-size:24px\">Ambiance de No\u00ebl<\/h2>\n\n\n\n<figure class=\"wp-block-image size-full\"><img loading=\"lazy\" decoding=\"async\" width=\"1024\" height=\"768\" src=\"https:\/\/lacartebuissonniere.fr\/wp-content\/uploads\/2022\/10\/DCF2FB91-44ED-40E0-AB98-6E79225A4E99_1_105_c-1.jpeg\" alt=\"\" class=\"wp-image-827\" srcset=\"https:\/\/lacartebuissonniere.fr\/wp-content\/uploads\/2022\/10\/DCF2FB91-44ED-40E0-AB98-6E79225A4E99_1_105_c-1.jpeg 1024w, https:\/\/lacartebuissonniere.fr\/wp-content\/uploads\/2022\/10\/DCF2FB91-44ED-40E0-AB98-6E79225A4E99_1_105_c-1-300x225.jpeg 300w, https:\/\/lacartebuissonniere.fr\/wp-content\/uploads\/2022\/10\/DCF2FB91-44ED-40E0-AB98-6E79225A4E99_1_105_c-1-768x576.jpeg 768w\" sizes=\"auto, (max-width: 1024px) 100vw, 1024px\" \/><\/figure>\n\n\n\n<p><\/p>\n\n\n\n<h2 class=\"wp-block-heading\" id=\"Ancre-Egypte\" style=\"font-size:24px\">Ambiance \u00e9gyptienne<\/h2>\n\n\n<div class=\"wp-block-image\">\n<figure class=\"aligncenter size-full\"><img loading=\"lazy\" decoding=\"async\" width=\"886\" height=\"886\" src=\"https:\/\/lacartebuissonniere.fr\/wp-content\/uploads\/2024\/01\/4B7AF361-0717-452E-8024-3F264BBCFF52_1_105_c.jpeg\" alt=\"\" class=\"wp-image-4856\" srcset=\"https:\/\/lacartebuissonniere.fr\/wp-content\/uploads\/2024\/01\/4B7AF361-0717-452E-8024-3F264BBCFF52_1_105_c.jpeg 886w, https:\/\/lacartebuissonniere.fr\/wp-content\/uploads\/2024\/01\/4B7AF361-0717-452E-8024-3F264BBCFF52_1_105_c-300x300.jpeg 300w, https:\/\/lacartebuissonniere.fr\/wp-content\/uploads\/2024\/01\/4B7AF361-0717-452E-8024-3F264BBCFF52_1_105_c-150x150.jpeg 150w, https:\/\/lacartebuissonniere.fr\/wp-content\/uploads\/2024\/01\/4B7AF361-0717-452E-8024-3F264BBCFF52_1_105_c-768x768.jpeg 768w, https:\/\/lacartebuissonniere.fr\/wp-content\/uploads\/2024\/01\/4B7AF361-0717-452E-8024-3F264BBCFF52_1_105_c-600x600.jpeg 600w\" sizes=\"auto, (max-width: 886px) 100vw, 886px\" \/><\/figure>\n<\/div>\n\n\n<p><\/p>\n\n\n\n<h2 class=\"wp-block-heading\" id=\"Ancre-Breton\" style=\"font-size:24px\">Ambiance bretonne<\/h2>\n\n\n<div class=\"wp-block-image\">\n<figure class=\"aligncenter size-large\"><img loading=\"lazy\" decoding=\"async\" width=\"1024\" height=\"976\" src=\"https:\/\/lacartebuissonniere.fr\/wp-content\/uploads\/2024\/01\/IMG_9695-1024x976.jpeg\" alt=\"\" class=\"wp-image-4849\" srcset=\"https:\/\/lacartebuissonniere.fr\/wp-content\/uploads\/2024\/01\/IMG_9695-1024x976.jpeg 1024w, https:\/\/lacartebuissonniere.fr\/wp-content\/uploads\/2024\/01\/IMG_9695-300x286.jpeg 300w, https:\/\/lacartebuissonniere.fr\/wp-content\/uploads\/2024\/01\/IMG_9695-768x732.jpeg 768w, https:\/\/lacartebuissonniere.fr\/wp-content\/uploads\/2024\/01\/IMG_9695-1536x1463.jpeg 1536w, https:\/\/lacartebuissonniere.fr\/wp-content\/uploads\/2024\/01\/IMG_9695-2048x1951.jpeg 2048w, https:\/\/lacartebuissonniere.fr\/wp-content\/uploads\/2024\/01\/IMG_9695-600x572.jpeg 600w\" sizes=\"auto, (max-width: 1024px) 100vw, 1024px\" \/><\/figure>\n<\/div>","protected":false},"excerpt":{"rendered":"<p>J&rsquo;utilise une large gamme de papiers, ce qui cr\u00e9e des univers tr\u00e8s vari\u00e9s : Ambiance japonaise Ambiance v\u00e9nitienne Ambiance Liberty Ambiance graphique Ambiance litt\u00e9raire Ambiance musicale Ambiance fleurie Ambiance fruit\u00e9e Ambiance orientale Ambiance marine Ambiance d&rsquo;automne Ambiance de No\u00ebl Ambiance \u00e9gyptienne Ambiance bretonne<\/p>\n","protected":false},"author":2,"featured_media":0,"parent":0,"menu_order":0,"comment_status":"closed","ping_status":"closed","template":"","meta":{"two_page_speed":[],"footnotes":""},"class_list":["post-772","page","type-page","status-publish","hentry","entry"],"yoast_head":"<!-- This site is optimized with the Yoast SEO plugin v25.4 - https:\/\/yoast.com\/wordpress\/plugins\/seo\/ -->\n<title>Ambiances - La carte buissonni\u00e8re<\/title>\n<meta name=\"robots\" content=\"index, follow, max-snippet:-1, max-image-preview:large, max-video-preview:-1\" \/>\n<link rel=\"canonical\" href=\"https:\/\/lacartebuissonniere.fr\/index.php\/ambiances\/\" \/>\n<meta property=\"og:locale\" content=\"fr_FR\" \/>\n<meta property=\"og:type\" content=\"article\" \/>\n<meta property=\"og:title\" content=\"Ambiances - La carte buissonni\u00e8re\" \/>\n<meta property=\"og:description\" content=\"J&rsquo;utilise une large gamme de papiers, ce qui cr\u00e9e des univers tr\u00e8s vari\u00e9s : Ambiance japonaise Ambiance v\u00e9nitienne Ambiance Liberty Ambiance graphique Ambiance litt\u00e9raire Ambiance musicale Ambiance fleurie Ambiance fruit\u00e9e Ambiance orientale Ambiance marine Ambiance d&rsquo;automne Ambiance de No\u00ebl Ambiance \u00e9gyptienne Ambiance bretonne\" \/>\n<meta property=\"og:url\" content=\"https:\/\/lacartebuissonniere.fr\/index.php\/ambiances\/\" \/>\n<meta property=\"og:site_name\" content=\"La carte buissonni\u00e8re\" \/>\n<meta property=\"article:publisher\" content=\"https:\/\/www.facebook.com\/lacartebuissonniere\/\" \/>\n<meta property=\"article:modified_time\" content=\"2025-05-26T12:48:49+00:00\" \/>\n<meta property=\"og:image\" content=\"https:\/\/lacartebuissonniere.fr\/wp-content\/uploads\/2025\/05\/800007B6-8E90-4988-8E06-F680C01D371E_1_201_a-scaled.jpg\" \/>\n<meta name=\"twitter:card\" content=\"summary_large_image\" \/>\n<meta name=\"twitter:label1\" content=\"Dur\u00e9e de lecture estim\u00e9e\" \/>\n\t<meta name=\"twitter:data1\" content=\"4 minutes\" \/>\n<script type=\"application\/ld+json\" class=\"yoast-schema-graph\">{\"@context\":\"https:\/\/schema.org\",\"@graph\":[{\"@type\":\"WebPage\",\"@id\":\"https:\/\/lacartebuissonniere.fr\/index.php\/ambiances\/\",\"url\":\"https:\/\/lacartebuissonniere.fr\/index.php\/ambiances\/\",\"name\":\"Ambiances - La carte buissonni\u00e8re\",\"isPartOf\":{\"@id\":\"https:\/\/lacartebuissonniere.fr\/#website\"},\"primaryImageOfPage\":{\"@id\":\"https:\/\/lacartebuissonniere.fr\/index.php\/ambiances\/#primaryimage\"},\"image\":{\"@id\":\"https:\/\/lacartebuissonniere.fr\/index.php\/ambiances\/#primaryimage\"},\"thumbnailUrl\":\"https:\/\/lacartebuissonniere.fr\/wp-content\/uploads\/2025\/05\/800007B6-8E90-4988-8E06-F680C01D371E_1_201_a-scaled.jpg\",\"datePublished\":\"2022-10-28T07:22:08+00:00\",\"dateModified\":\"2025-05-26T12:48:49+00:00\",\"breadcrumb\":{\"@id\":\"https:\/\/lacartebuissonniere.fr\/index.php\/ambiances\/#breadcrumb\"},\"inLanguage\":\"fr-FR\",\"potentialAction\":[{\"@type\":\"ReadAction\",\"target\":[\"https:\/\/lacartebuissonniere.fr\/index.php\/ambiances\/\"]}]},{\"@type\":\"ImageObject\",\"inLanguage\":\"fr-FR\",\"@id\":\"https:\/\/lacartebuissonniere.fr\/index.php\/ambiances\/#primaryimage\",\"url\":\"https:\/\/lacartebuissonniere.fr\/wp-content\/uploads\/2025\/05\/800007B6-8E90-4988-8E06-F680C01D371E_1_201_a-scaled.jpg\",\"contentUrl\":\"https:\/\/lacartebuissonniere.fr\/wp-content\/uploads\/2025\/05\/800007B6-8E90-4988-8E06-F680C01D371E_1_201_a-scaled.jpg\",\"width\":2560,\"height\":1877},{\"@type\":\"BreadcrumbList\",\"@id\":\"https:\/\/lacartebuissonniere.fr\/index.php\/ambiances\/#breadcrumb\",\"itemListElement\":[{\"@type\":\"ListItem\",\"position\":1,\"name\":\"Accueil\",\"item\":\"https:\/\/lacartebuissonniere.fr\/\"},{\"@type\":\"ListItem\",\"position\":2,\"name\":\"Ambiances\"}]},{\"@type\":\"WebSite\",\"@id\":\"https:\/\/lacartebuissonniere.fr\/#website\",\"url\":\"https:\/\/lacartebuissonniere.fr\/\",\"name\":\"La carte buissonni\u00e8re\",\"description\":\"\",\"publisher\":{\"@id\":\"https:\/\/lacartebuissonniere.fr\/#organization\"},\"potentialAction\":[{\"@type\":\"SearchAction\",\"target\":{\"@type\":\"EntryPoint\",\"urlTemplate\":\"https:\/\/lacartebuissonniere.fr\/?s={search_term_string}\"},\"query-input\":{\"@type\":\"PropertyValueSpecification\",\"valueRequired\":true,\"valueName\":\"search_term_string\"}}],\"inLanguage\":\"fr-FR\"},{\"@type\":\"Organization\",\"@id\":\"https:\/\/lacartebuissonniere.fr\/#organization\",\"name\":\"La carte buissonni\u00e8re\",\"url\":\"https:\/\/lacartebuissonniere.fr\/\",\"logo\":{\"@type\":\"ImageObject\",\"inLanguage\":\"fr-FR\",\"@id\":\"https:\/\/lacartebuissonniere.fr\/#\/schema\/logo\/image\/\",\"url\":\"https:\/\/lacartebuissonniere.fr\/wp-content\/uploads\/2022\/12\/Illustration-sans-titre.jpg\",\"contentUrl\":\"https:\/\/lacartebuissonniere.fr\/wp-content\/uploads\/2022\/12\/Illustration-sans-titre.jpg\",\"width\":637,\"height\":680,\"caption\":\"La carte buissonni\u00e8re\"},\"image\":{\"@id\":\"https:\/\/lacartebuissonniere.fr\/#\/schema\/logo\/image\/\"},\"sameAs\":[\"https:\/\/www.facebook.com\/lacartebuissonniere\/\",\"https:\/\/www.pinterest.fr\/DelphChabanne\/\"]}]}<\/script>\n<!-- \/ Yoast SEO plugin. -->","yoast_head_json":{"title":"Ambiances - La carte buissonni\u00e8re","robots":{"index":"index","follow":"follow","max-snippet":"max-snippet:-1","max-image-preview":"max-image-preview:large","max-video-preview":"max-video-preview:-1"},"canonical":"https:\/\/lacartebuissonniere.fr\/index.php\/ambiances\/","og_locale":"fr_FR","og_type":"article","og_title":"Ambiances - La carte buissonni\u00e8re","og_description":"J&rsquo;utilise une large gamme de papiers, ce qui cr\u00e9e des univers tr\u00e8s vari\u00e9s : Ambiance japonaise Ambiance v\u00e9nitienne Ambiance Liberty Ambiance graphique Ambiance litt\u00e9raire Ambiance musicale Ambiance fleurie Ambiance fruit\u00e9e Ambiance orientale Ambiance marine Ambiance d&rsquo;automne Ambiance de No\u00ebl Ambiance \u00e9gyptienne Ambiance bretonne","og_url":"https:\/\/lacartebuissonniere.fr\/index.php\/ambiances\/","og_site_name":"La carte buissonni\u00e8re","article_publisher":"https:\/\/www.facebook.com\/lacartebuissonniere\/","article_modified_time":"2025-05-26T12:48:49+00:00","og_image":[{"url":"https:\/\/lacartebuissonniere.fr\/wp-content\/uploads\/2025\/05\/800007B6-8E90-4988-8E06-F680C01D371E_1_201_a-scaled.jpg","type":"","width":"","height":""}],"twitter_card":"summary_large_image","twitter_misc":{"Dur\u00e9e de lecture estim\u00e9e":"4 minutes"},"schema":{"@context":"https:\/\/schema.org","@graph":[{"@type":"WebPage","@id":"https:\/\/lacartebuissonniere.fr\/index.php\/ambiances\/","url":"https:\/\/lacartebuissonniere.fr\/index.php\/ambiances\/","name":"Ambiances - La carte buissonni\u00e8re","isPartOf":{"@id":"https:\/\/lacartebuissonniere.fr\/#website"},"primaryImageOfPage":{"@id":"https:\/\/lacartebuissonniere.fr\/index.php\/ambiances\/#primaryimage"},"image":{"@id":"https:\/\/lacartebuissonniere.fr\/index.php\/ambiances\/#primaryimage"},"thumbnailUrl":"https:\/\/lacartebuissonniere.fr\/wp-content\/uploads\/2025\/05\/800007B6-8E90-4988-8E06-F680C01D371E_1_201_a-scaled.jpg","datePublished":"2022-10-28T07:22:08+00:00","dateModified":"2025-05-26T12:48:49+00:00","breadcrumb":{"@id":"https:\/\/lacartebuissonniere.fr\/index.php\/ambiances\/#breadcrumb"},"inLanguage":"fr-FR","potentialAction":[{"@type":"ReadAction","target":["https:\/\/lacartebuissonniere.fr\/index.php\/ambiances\/"]}]},{"@type":"ImageObject","inLanguage":"fr-FR","@id":"https:\/\/lacartebuissonniere.fr\/index.php\/ambiances\/#primaryimage","url":"https:\/\/lacartebuissonniere.fr\/wp-content\/uploads\/2025\/05\/800007B6-8E90-4988-8E06-F680C01D371E_1_201_a-scaled.jpg","contentUrl":"https:\/\/lacartebuissonniere.fr\/wp-content\/uploads\/2025\/05\/800007B6-8E90-4988-8E06-F680C01D371E_1_201_a-scaled.jpg","width":2560,"height":1877},{"@type":"BreadcrumbList","@id":"https:\/\/lacartebuissonniere.fr\/index.php\/ambiances\/#breadcrumb","itemListElement":[{"@type":"ListItem","position":1,"name":"Accueil","item":"https:\/\/lacartebuissonniere.fr\/"},{"@type":"ListItem","position":2,"name":"Ambiances"}]},{"@type":"WebSite","@id":"https:\/\/lacartebuissonniere.fr\/#website","url":"https:\/\/lacartebuissonniere.fr\/","name":"La carte buissonni\u00e8re","description":"","publisher":{"@id":"https:\/\/lacartebuissonniere.fr\/#organization"},"potentialAction":[{"@type":"SearchAction","target":{"@type":"EntryPoint","urlTemplate":"https:\/\/lacartebuissonniere.fr\/?s={search_term_string}"},"query-input":{"@type":"PropertyValueSpecification","valueRequired":true,"valueName":"search_term_string"}}],"inLanguage":"fr-FR"},{"@type":"Organization","@id":"https:\/\/lacartebuissonniere.fr\/#organization","name":"La carte buissonni\u00e8re","url":"https:\/\/lacartebuissonniere.fr\/","logo":{"@type":"ImageObject","inLanguage":"fr-FR","@id":"https:\/\/lacartebuissonniere.fr\/#\/schema\/logo\/image\/","url":"https:\/\/lacartebuissonniere.fr\/wp-content\/uploads\/2022\/12\/Illustration-sans-titre.jpg","contentUrl":"https:\/\/lacartebuissonniere.fr\/wp-content\/uploads\/2022\/12\/Illustration-sans-titre.jpg","width":637,"height":680,"caption":"La carte buissonni\u00e8re"},"image":{"@id":"https:\/\/lacartebuissonniere.fr\/#\/schema\/logo\/image\/"},"sameAs":["https:\/\/www.facebook.com\/lacartebuissonniere\/","https:\/\/www.pinterest.fr\/DelphChabanne\/"]}]}},"_links":{"self":[{"href":"https:\/\/lacartebuissonniere.fr\/index.php\/wp-json\/wp\/v2\/pages\/772","targetHints":{"allow":["GET"]}}],"collection":[{"href":"https:\/\/lacartebuissonniere.fr\/index.php\/wp-json\/wp\/v2\/pages"}],"about":[{"href":"https:\/\/lacartebuissonniere.fr\/index.php\/wp-json\/wp\/v2\/types\/page"}],"author":[{"embeddable":true,"href":"https:\/\/lacartebuissonniere.fr\/index.php\/wp-json\/wp\/v2\/users\/2"}],"replies":[{"embeddable":true,"href":"https:\/\/lacartebuissonniere.fr\/index.php\/wp-json\/wp\/v2\/comments?post=772"}],"version-history":[{"count":29,"href":"https:\/\/lacartebuissonniere.fr\/index.php\/wp-json\/wp\/v2\/pages\/772\/revisions"}],"predecessor-version":[{"id":7844,"href":"https:\/\/lacartebuissonniere.fr\/index.php\/wp-json\/wp\/v2\/pages\/772\/revisions\/7844"}],"wp:attachment":[{"href":"https:\/\/lacartebuissonniere.fr\/index.php\/wp-json\/wp\/v2\/media?parent=772"}],"curies":[{"name":"wp","href":"https:\/\/api.w.org\/{rel}","templated":true}]}}